{"id":1757,"date":"2025-05-06T17:21:18","date_gmt":"2025-05-06T16:21:18","guid":{"rendered":"https:\/\/sts-rent.com\/budapest\/?page_id=1757"},"modified":"2025-10-15T17:30:58","modified_gmt":"2025-10-15T16:30:58","slug":"stranka-zasady-ochrany-osobnich-udaju","status":"publish","type":"page","link":"https:\/\/sts-rent.com\/hungary\/hu\/privacy-policy\/","title":{"rendered":"Str\u00e1nka Z\u00e1sady ochrany osobn\u00edch \u00fadaj\u016f"},"content":{"rendered":"\n<p>Adresa na\u0161\u00ed webov\u00e9 str\u00e1nky je: https:\/\/sts-rent.com\/budapest\/<\/p>\n\n\n\n<p>Koment\u00e1\u0159e<br>Kdy\u017e n\u00e1v\u0161t\u011bvn\u00edci zanechaj\u00ed koment\u00e1\u0159e na webu, shroma\u017e\u010fujeme \u00fadaje uveden\u00e9 v koment\u00e1\u0159ov\u00e9m formul\u00e1\u0159i, stejn\u011b jako IP adresu n\u00e1v\u0161t\u011bvn\u00edka a \u0159et\u011bzec user agent prohl\u00ed\u017ee\u010de, kter\u00e9 n\u00e1m pom\u00e1haj\u00ed odhalovat spam.<\/p>\n\n\n\n<p>Anonymizovan\u00fd \u0159et\u011bzec vytvo\u0159en\u00fd z va\u0161\u00ed e-mailov\u00e9 adresy (tak\u00e9 naz\u00fdvan\u00fd hash) m\u016f\u017ee b\u00fdt poskytnut slu\u017eb\u011b Gravatar, aby zjistila, zda ji pou\u017e\u00edv\u00e1te. Z\u00e1sady ochrany osobn\u00edch \u00fadaj\u016f slu\u017eby Gravatar jsou k dispozici zde: https:\/\/automattic.com\/privacy\/. Po schv\u00e1len\u00ed va\u0161eho koment\u00e1\u0159e bude v\u00e1\u0161 profilov\u00fd obr\u00e1zek viditeln\u00fd pro ve\u0159ejnost v kontextu va\u0161eho koment\u00e1\u0159e.<\/p>\n\n\n\n<p>M\u00e9dia<br>Pokud nahr\u00e1v\u00e1te obr\u00e1zky na webov\u00e9 str\u00e1nky, m\u011bli byste se vyhnout nahr\u00e1v\u00e1n\u00ed obr\u00e1zk\u016f s vlo\u017een\u00fdmi \u00fadaji o poloze (EXIF GPS). N\u00e1v\u0161t\u011bvn\u00edci webov\u00fdch str\u00e1nek mohou stahovat a extrahovat jak\u00e9koli \u00fadaje o poloze z obr\u00e1zk\u016f na webov\u00fdch str\u00e1nk\u00e1ch.<\/p>\n\n\n\n<p>Soubory cookie<br>Pokud zanech\u00e1te koment\u00e1\u0159 na na\u0161em webu, m\u016f\u017eete se rozhodnout ulo\u017eit sv\u00e9 jm\u00e9no, e-mailovou adresu a webovou str\u00e1nku do soubor\u016f cookie. Tyto soubory slou\u017e\u00ed pro va\u0161e pohodl\u00ed, abyste nemuseli znovu vypl\u0148ovat sv\u00e9 \u00fadaje, kdy\u017e zanech\u00e1te dal\u0161\u00ed koment\u00e1\u0159. Tyto soubory cookie budou ulo\u017eeny po dobu jednoho roku.<\/p>\n\n\n\n<p>Pokud nav\u0161t\u00edv\u00edte na\u0161i p\u0159ihla\u0161ovac\u00ed str\u00e1nku, nastav\u00edme do\u010dasn\u00fd soubor cookie, abychom zjistili, zda v\u00e1\u0161 prohl\u00ed\u017ee\u010d p\u0159ij\u00edm\u00e1 soubory cookie. Tento soubor cookie neobsahuje \u017e\u00e1dn\u00e9 osobn\u00ed \u00fadaje a po zav\u0159en\u00ed prohl\u00ed\u017ee\u010de se vyma\u017ee.<\/p>\n\n\n\n<p>Kdy\u017e se p\u0159ihl\u00e1s\u00edte, nastav\u00edme tak\u00e9 n\u011bkolik soubor\u016f cookie, abychom ulo\u017eili va\u0161e p\u0159ihla\u0161ovac\u00ed \u00fadaje a va\u0161e volby zobrazen\u00ed obrazovky. P\u0159ihla\u0161ovac\u00ed soubory cookie maj\u00ed platnost dva dny a soubory cookie pro volby zobrazen\u00ed obrazovky maj\u00ed platnost jeden rok. Pokud vyberete mo\u017enost \u201eZapamatovat si m\u011b\u201c, va\u0161e p\u0159ihl\u00e1\u0161en\u00ed bude trvat dva t\u00fddny. Pokud se odhl\u00e1s\u00edte ze sv\u00e9ho \u00fa\u010dtu, p\u0159ihla\u0161ovac\u00ed soubory cookie budou odstran\u011bny.<\/p>\n\n\n\n<p>Pokud uprav\u00edte nebo publikujete \u010dl\u00e1nek, do va\u0161eho prohl\u00ed\u017ee\u010de se ulo\u017e\u00ed dal\u0161\u00ed soubor cookie. Tento soubor cookie neobsahuje \u017e\u00e1dn\u00e9 osobn\u00ed \u00fadaje a pouze ozna\u010duje ID p\u0159\u00edsp\u011bvku \u010dl\u00e1nku, kter\u00fd jste pr\u00e1v\u011b upravili. Jeho platnost vypr\u0161\u00ed po 1 dni.<\/p>\n\n\n\n<p>Vlo\u017een\u00fd obsah z jin\u00fdch webov\u00fdch str\u00e1nek<br>\u010cl\u00e1nky na tomto webu mohou obsahovat vlo\u017een\u00fd obsah (nap\u0159. videa, obr\u00e1zky, \u010dl\u00e1nky atd.). Vlo\u017een\u00fd obsah z jin\u00fdch webov\u00fdch str\u00e1nek se chov\u00e1 p\u0159esn\u011b stejn\u011b, jako by n\u00e1v\u0161t\u011bvn\u00edk nav\u0161t\u00edvil jinou webovou str\u00e1nku.<\/p>\n\n\n\n<p>Tyto webov\u00e9 str\u00e1nky mohou shroma\u017e\u010fovat \u00fadaje o v\u00e1s, pou\u017e\u00edvat soubory cookie, vkl\u00e1dat dal\u0161\u00ed sledov\u00e1n\u00ed t\u0159et\u00edch stran a sledovat va\u0161i interakci s t\u00edmto vlo\u017een\u00fdm obsahem, v\u010detn\u011b sledov\u00e1n\u00ed va\u0161\u00ed interakce s vlo\u017een\u00fdm obsahem, pokud m\u00e1te \u00fa\u010det a jste p\u0159ihl\u00e1\u0161eni na t\u00e9to webov\u00e9 str\u00e1nce.<\/p>\n\n\n\n<p>S k\u00fdm sd\u00edl\u00edme va\u0161e \u00fadaje<br>Pokud po\u017e\u00e1d\u00e1te o resetov\u00e1n\u00ed hesla, va\u0161e IP adresa bude zahrnuta v e-mailu s resetov\u00e1n\u00edm.<\/p>\n\n\n\n<p>Jak dlouho uchov\u00e1v\u00e1me va\u0161e \u00fadaje<br>Pokud zanech\u00e1te koment\u00e1\u0159, koment\u00e1\u0159 a jeho metadata budou uchov\u00e1v\u00e1ny na dobu neur\u010ditou. To n\u00e1m umo\u017e\u0148uje automaticky rozpoznat a schv\u00e1lit jak\u00e9koli n\u00e1sledn\u00e9 koment\u00e1\u0159e, m\u00edsto abychom je dr\u017eeli v moderovac\u00ed front\u011b.<\/p>\n\n\n\n<p>U u\u017eivatel\u016f, kte\u0159\u00ed se registruj\u00ed na na\u0161em webu (pokud existuj\u00ed), ukl\u00e1d\u00e1me tak\u00e9 osobn\u00ed \u00fadaje, kter\u00e9 uvedou ve sv\u00e9m u\u017eivatelsk\u00e9m profilu. V\u0161ichni u\u017eivatel\u00e9 mohou kdykoli zobrazit, upravit nebo smazat sv\u00e9 osobn\u00ed \u00fadaje (krom\u011b u\u017eivatelsk\u00e9ho jm\u00e9na, kter\u00e9 nelze zm\u011bnit). Spr\u00e1vci webu mohou tyto \u00fadaje tak\u00e9 zobrazit a upravit.<\/p>\n\n\n\n<p>Jak\u00e1 m\u00e1te pr\u00e1va k va\u0161im \u00fadaj\u016fm<br>Pokud m\u00e1te na tomto webu \u00fa\u010det nebo jste zanechali koment\u00e1\u0159e, m\u016f\u017eete po\u017e\u00e1dat o zasl\u00e1n\u00ed exportovan\u00e9ho souboru s osobn\u00edmi \u00fadaji, kter\u00e9 o v\u00e1s uchov\u00e1v\u00e1me, v\u010detn\u011b v\u0161ech \u00fadaj\u016f, kter\u00e9 jste n\u00e1m poskytli. M\u016f\u017eete tak\u00e9 po\u017e\u00e1dat o vymaz\u00e1n\u00ed v\u0161ech osobn\u00edch \u00fadaj\u016f, kter\u00e9 o v\u00e1s uchov\u00e1v\u00e1me. To se nevztahuje na \u00fadaje, kter\u00e9 jsme povinni uchov\u00e1vat pro administrativn\u00ed, pr\u00e1vn\u00ed nebo bezpe\u010dnostn\u00ed \u00fa\u010dely.<\/p>\n\n\n\n<p>Kam jsou va\u0161e \u00fadaje odes\u00edl\u00e1ny<br>Koment\u00e1\u0159e n\u00e1v\u0161t\u011bvn\u00edk\u016f mohou b\u00fdt kontrolov\u00e1ny prost\u0159ednictv\u00edm automatizovan\u00e9 slu\u017eby pro detekci spamu.<\/p>\n","protected":false},"excerpt":{"rendered":"<p>Adresa na\u0161\u00ed webov\u00e9 str\u00e1nky je: https:\/\/sts-rent.com\/budapest\/ Koment\u00e1\u0159eKdy\u017e n\u00e1v\u0161t\u011bvn\u00edci zanechaj\u00ed koment\u00e1\u0159e na webu, shroma\u017e\u010fujeme \u00fadaje uveden\u00e9 v koment\u00e1\u0159ov\u00e9m formul\u00e1\u0159i, stejn\u011b jako IP adresu n\u00e1v\u0161t\u011bvn\u00edka a \u0159et\u011bzec user agent prohl\u00ed\u017ee\u010de, kter\u00e9 n\u00e1m pom\u00e1haj\u00ed odhalovat spam. Anonymizovan\u00fd \u0159et\u011bzec vytvo\u0159en\u00fd z va\u0161\u00ed e-mailov\u00e9 adresy (tak\u00e9 naz\u00fdvan\u00fd hash) m\u016f\u017ee b\u00fdt poskytnut slu\u017eb\u011b Gravatar, aby zjistila, zda ji pou\u017e\u00edv\u00e1te. Z\u00e1sady ochrany [&hellip;]<\/p>\n","protected":false},"author":2,"featured_media":0,"parent":0,"menu_order":0,"comment_status":"closed","ping_status":"open","template":"","meta":{"_acf_changed":false,"inline_featured_image":false,"footnotes":""},"class_list":["post-1757","page","type-page","status-publish","hentry"],"acf":[],"yoast_head":"<!-- This site is optimized with the Yoast SEO plugin v27.4 - https:\/\/yoast.com\/product\/yoast-seo-wordpress\/ -->\n<title>Str\u00e1nka Z\u00e1sady ochrany osobn\u00edch \u00fadaj\u016f - STS Rent Hungary<\/title>\n<meta name=\"robots\" content=\"noindex, nofollow\" \/>\n<meta property=\"og:locale\" content=\"en_US\" \/>\n<meta property=\"og:type\" content=\"article\" \/>\n<meta property=\"og:title\" content=\"Str\u00e1nka Z\u00e1sady ochrany osobn\u00edch \u00fadaj\u016f - STS Rent Hungary\" \/>\n<meta property=\"og:description\" content=\"Adresa na\u0161\u00ed webov\u00e9 str\u00e1nky je: https:\/\/sts-rent.com\/budapest\/ Koment\u00e1\u0159eKdy\u017e n\u00e1v\u0161t\u011bvn\u00edci zanechaj\u00ed koment\u00e1\u0159e na webu, shroma\u017e\u010fujeme \u00fadaje uveden\u00e9 v koment\u00e1\u0159ov\u00e9m formul\u00e1\u0159i, stejn\u011b jako IP adresu n\u00e1v\u0161t\u011bvn\u00edka a \u0159et\u011bzec user agent prohl\u00ed\u017ee\u010de, kter\u00e9 n\u00e1m pom\u00e1haj\u00ed odhalovat spam. Anonymizovan\u00fd \u0159et\u011bzec vytvo\u0159en\u00fd z va\u0161\u00ed e-mailov\u00e9 adresy (tak\u00e9 naz\u00fdvan\u00fd hash) m\u016f\u017ee b\u00fdt poskytnut slu\u017eb\u011b Gravatar, aby zjistila, zda ji pou\u017e\u00edv\u00e1te. Z\u00e1sady ochrany [&hellip;]\" \/>\n<meta property=\"og:url\" content=\"https:\/\/sts-rent.com\/hungary\/hu\/privacy-policy\/\" \/>\n<meta property=\"og:site_name\" content=\"STS Rent Hungary\" \/>\n<meta property=\"article:modified_time\" content=\"2025-10-15T16:30:58+00:00\" \/>\n<meta name=\"twitter:card\" content=\"summary_large_image\" \/>\n<meta name=\"twitter:label1\" content=\"Est. reading time\" \/>\n\t<meta name=\"twitter:data1\" content=\"3 minutes\" \/>\n<script type=\"application\/ld+json\" class=\"yoast-schema-graph\">{\"@context\":\"https:\\\/\\\/schema.org\",\"@graph\":[{\"@type\":\"WebPage\",\"@id\":\"https:\\\/\\\/sts-rent.com\\\/hungary\\\/hu\\\/privacy-policy\\\/\",\"url\":\"https:\\\/\\\/sts-rent.com\\\/hungary\\\/hu\\\/privacy-policy\\\/\",\"name\":\"Str\u00e1nka Z\u00e1sady ochrany osobn\u00edch \u00fadaj\u016f - STS Rent Hungary\",\"isPartOf\":{\"@id\":\"https:\\\/\\\/sts-rent.com\\\/hungary\\\/#website\"},\"datePublished\":\"2025-05-06T16:21:18+00:00\",\"dateModified\":\"2025-10-15T16:30:58+00:00\",\"breadcrumb\":{\"@id\":\"https:\\\/\\\/sts-rent.com\\\/hungary\\\/hu\\\/privacy-policy\\\/#breadcrumb\"},\"inLanguage\":\"en-US\",\"potentialAction\":[{\"@type\":\"ReadAction\",\"target\":[\"https:\\\/\\\/sts-rent.com\\\/hungary\\\/hu\\\/privacy-policy\\\/\"]}]},{\"@type\":\"BreadcrumbList\",\"@id\":\"https:\\\/\\\/sts-rent.com\\\/hungary\\\/hu\\\/privacy-policy\\\/#breadcrumb\",\"itemListElement\":[{\"@type\":\"ListItem\",\"position\":1,\"name\":\"Home\",\"item\":\"https:\\\/\\\/sts-rent.com\\\/hungary\\\/ru\\\/\"},{\"@type\":\"ListItem\",\"position\":2,\"name\":\"Str\u00e1nka Z\u00e1sady ochrany osobn\u00edch \u00fadaj\u016f\"}]},{\"@type\":\"WebSite\",\"@id\":\"https:\\\/\\\/sts-rent.com\\\/hungary\\\/#website\",\"url\":\"https:\\\/\\\/sts-rent.com\\\/hungary\\\/\",\"name\":\"STS Rent Hungary\",\"description\":\"\",\"publisher\":{\"@id\":\"https:\\\/\\\/sts-rent.com\\\/hungary\\\/#organization\"},\"potentialAction\":[{\"@type\":\"SearchAction\",\"target\":{\"@type\":\"EntryPoint\",\"urlTemplate\":\"https:\\\/\\\/sts-rent.com\\\/hungary\\\/?s={search_term_string}\"},\"query-input\":{\"@type\":\"PropertyValueSpecification\",\"valueRequired\":true,\"valueName\":\"search_term_string\"}}],\"inLanguage\":\"en-US\"},{\"@type\":\"Organization\",\"@id\":\"https:\\\/\\\/sts-rent.com\\\/hungary\\\/#organization\",\"name\":\"STS Rent Hungary\",\"url\":\"https:\\\/\\\/sts-rent.com\\\/hungary\\\/\",\"logo\":{\"@type\":\"ImageObject\",\"inLanguage\":\"en-US\",\"@id\":\"https:\\\/\\\/sts-rent.com\\\/hungary\\\/#\\\/schema\\\/logo\\\/image\\\/\",\"url\":\"https:\\\/\\\/sts-rent.com\\\/hungary\\\/wp-content\\\/uploads\\\/sites\\\/3\\\/2024\\\/08\\\/STS-logo.svg\",\"contentUrl\":\"https:\\\/\\\/sts-rent.com\\\/hungary\\\/wp-content\\\/uploads\\\/sites\\\/3\\\/2024\\\/08\\\/STS-logo.svg\",\"width\":197,\"height\":63,\"caption\":\"STS Rent Hungary\"},\"image\":{\"@id\":\"https:\\\/\\\/sts-rent.com\\\/hungary\\\/#\\\/schema\\\/logo\\\/image\\\/\"},\"aggregateRating\":{\"@type\":\"AggregateRating\",\"ratingValue\":\"4.9\",\"reviewCount\":\"2487\",\"bestRating\":\"5\",\"worstRating\":\"1\"}}]}<\/script>\n<!-- \/ Yoast SEO plugin. -->","yoast_head_json":{"title":"Str\u00e1nka Z\u00e1sady ochrany osobn\u00edch \u00fadaj\u016f - STS Rent Hungary","robots":{"index":"noindex","follow":"nofollow"},"og_locale":"en_US","og_type":"article","og_title":"Str\u00e1nka Z\u00e1sady ochrany osobn\u00edch \u00fadaj\u016f - STS Rent Hungary","og_description":"Adresa na\u0161\u00ed webov\u00e9 str\u00e1nky je: https:\/\/sts-rent.com\/budapest\/ Koment\u00e1\u0159eKdy\u017e n\u00e1v\u0161t\u011bvn\u00edci zanechaj\u00ed koment\u00e1\u0159e na webu, shroma\u017e\u010fujeme \u00fadaje uveden\u00e9 v koment\u00e1\u0159ov\u00e9m formul\u00e1\u0159i, stejn\u011b jako IP adresu n\u00e1v\u0161t\u011bvn\u00edka a \u0159et\u011bzec user agent prohl\u00ed\u017ee\u010de, kter\u00e9 n\u00e1m pom\u00e1haj\u00ed odhalovat spam. Anonymizovan\u00fd \u0159et\u011bzec vytvo\u0159en\u00fd z va\u0161\u00ed e-mailov\u00e9 adresy (tak\u00e9 naz\u00fdvan\u00fd hash) m\u016f\u017ee b\u00fdt poskytnut slu\u017eb\u011b Gravatar, aby zjistila, zda ji pou\u017e\u00edv\u00e1te. Z\u00e1sady ochrany [&hellip;]","og_url":"https:\/\/sts-rent.com\/hungary\/hu\/privacy-policy\/","og_site_name":"STS Rent Hungary","article_modified_time":"2025-10-15T16:30:58+00:00","twitter_card":"summary_large_image","twitter_misc":{"Est. reading time":"3 minutes"},"schema":{"@context":"https:\/\/schema.org","@graph":[{"@type":"WebPage","@id":"https:\/\/sts-rent.com\/hungary\/hu\/privacy-policy\/","url":"https:\/\/sts-rent.com\/hungary\/hu\/privacy-policy\/","name":"Str\u00e1nka Z\u00e1sady ochrany osobn\u00edch \u00fadaj\u016f - STS Rent Hungary","isPartOf":{"@id":"https:\/\/sts-rent.com\/hungary\/#website"},"datePublished":"2025-05-06T16:21:18+00:00","dateModified":"2025-10-15T16:30:58+00:00","breadcrumb":{"@id":"https:\/\/sts-rent.com\/hungary\/hu\/privacy-policy\/#breadcrumb"},"inLanguage":"en-US","potentialAction":[{"@type":"ReadAction","target":["https:\/\/sts-rent.com\/hungary\/hu\/privacy-policy\/"]}]},{"@type":"BreadcrumbList","@id":"https:\/\/sts-rent.com\/hungary\/hu\/privacy-policy\/#breadcrumb","itemListElement":[{"@type":"ListItem","position":1,"name":"Home","item":"https:\/\/sts-rent.com\/hungary\/ru\/"},{"@type":"ListItem","position":2,"name":"Str\u00e1nka Z\u00e1sady ochrany osobn\u00edch \u00fadaj\u016f"}]},{"@type":"WebSite","@id":"https:\/\/sts-rent.com\/hungary\/#website","url":"https:\/\/sts-rent.com\/hungary\/","name":"STS Rent Hungary","description":"","publisher":{"@id":"https:\/\/sts-rent.com\/hungary\/#organization"},"potentialAction":[{"@type":"SearchAction","target":{"@type":"EntryPoint","urlTemplate":"https:\/\/sts-rent.com\/hungary\/?s={search_term_string}"},"query-input":{"@type":"PropertyValueSpecification","valueRequired":true,"valueName":"search_term_string"}}],"inLanguage":"en-US"},{"@type":"Organization","@id":"https:\/\/sts-rent.com\/hungary\/#organization","name":"STS Rent Hungary","url":"https:\/\/sts-rent.com\/hungary\/","logo":{"@type":"ImageObject","inLanguage":"en-US","@id":"https:\/\/sts-rent.com\/hungary\/#\/schema\/logo\/image\/","url":"https:\/\/sts-rent.com\/hungary\/wp-content\/uploads\/sites\/3\/2024\/08\/STS-logo.svg","contentUrl":"https:\/\/sts-rent.com\/hungary\/wp-content\/uploads\/sites\/3\/2024\/08\/STS-logo.svg","width":197,"height":63,"caption":"STS Rent Hungary"},"image":{"@id":"https:\/\/sts-rent.com\/hungary\/#\/schema\/logo\/image\/"},"aggregateRating":{"@type":"AggregateRating","ratingValue":"4.9","reviewCount":"2487","bestRating":"5","worstRating":"1"}}]}},"_links":{"self":[{"href":"https:\/\/sts-rent.com\/hungary\/wp-json\/wp\/v2\/pages\/1757","targetHints":{"allow":["GET"]}}],"collection":[{"href":"https:\/\/sts-rent.com\/hungary\/wp-json\/wp\/v2\/pages"}],"about":[{"href":"https:\/\/sts-rent.com\/hungary\/wp-json\/wp\/v2\/types\/page"}],"author":[{"embeddable":true,"href":"https:\/\/sts-rent.com\/hungary\/wp-json\/wp\/v2\/users\/2"}],"replies":[{"embeddable":true,"href":"https:\/\/sts-rent.com\/hungary\/wp-json\/wp\/v2\/comments?post=1757"}],"version-history":[{"count":2,"href":"https:\/\/sts-rent.com\/hungary\/wp-json\/wp\/v2\/pages\/1757\/revisions"}],"predecessor-version":[{"id":1896,"href":"https:\/\/sts-rent.com\/hungary\/wp-json\/wp\/v2\/pages\/1757\/revisions\/1896"}],"wp:attachment":[{"href":"https:\/\/sts-rent.com\/hungary\/wp-json\/wp\/v2\/media?parent=1757"}],"curies":[{"name":"wp","href":"https:\/\/api.w.org\/{rel}","templated":true}]}}