{"id":1663,"date":"2025-04-02T13:39:51","date_gmt":"2025-04-02T12:39:51","guid":{"rendered":"https:\/\/sts-rent.com\/budapest\/?page_id=1663"},"modified":"2025-10-15T10:35:52","modified_gmt":"2025-10-15T09:35:52","slug":"kontakt","status":"publish","type":"page","link":"https:\/\/sts-rent.com\/hungary\/hu\/contact\/","title":{"rendered":"Kontakt"},"content":{"rendered":"\t\t<div data-elementor-type=\"wp-page\" data-elementor-id=\"1663\" class=\"elementor elementor-1663\" data-elementor-post-type=\"page\">\n\t\t\t\t<div class=\"elementor-element elementor-element-d8cec71 e-flex e-con-boxed e-con e-parent\" data-id=\"d8cec71\" data-element_type=\"container\">\n\t\t\t\t\t<div class=\"e-con-inner\">\n\t\t\t\t<div class=\"elementor-element elementor-element-06a3904 elementor-widget elementor-widget-sts_contacts_sect\" data-id=\"06a3904\" data-element_type=\"widget\" data-widget_type=\"sts_contacts_sect.default\">\n\t\t\t\t<div class=\"elementor-widget-container\">\n\t\t\t\t\t<section class=\"\n    sect\n    sts_contacts_sect\n    padding_top_off    \">\n    <div class=\"wrap\">\n                    <div class=\"title_and_description\">\n                                    <div class=\"bg_text\">Kontaktujte n\u00e1s<\/div>\n                                                    <div class=\"title1\">\u0421\u0432\u044f\u0436\u0438\u0442\u0435\u0441\u044c \u0441 \u043d\u0430\u043c\u0438<\/div>\n                                                    <h1 class=\"title2\">Kontaktujte n\u00e1s<\/h1>\n                                                    <div class=\"description\">\u041c\u044b \u0432\u0441\u0435\u0433\u0434\u0430 \u0440\u0430\u0434\u044b \u043f\u043e\u043c\u043e\u0447\u044c \u0412\u0430\u043c \u0438 \u043e\u0442\u0432\u0435\u0442\u0438\u0442\u044c \u043d\u0430 \u0432\u0441\u0435 \u0412\u0430\u0448\u0438 \u0432\u043e\u043f\u0440\u043e\u0441\u044b.<br>\n \u041c\u044b \u0432\u043d\u0438\u043c\u0430\u0442\u0435\u043b\u044c\u043d\u043e \u043e\u0442\u043d\u043e\u0441\u0438\u043c\u0441\u044f \u043a \u043a\u0430\u0436\u0434\u043e\u043c\u0443 \u043e\u0431\u0440\u0430\u0449\u0435\u043d\u0438\u044e<br>\n \u0438 \u0434\u043e\u0441\u0442\u0443\u043f\u043d\u044b \u0434\u043b\u044f \u0412\u0430\u0441 \u043a\u0440\u0443\u0433\u043b\u043e\u0441\u0443\u0442\u043e\u0447\u043d\u043e.<\/div>\n                            <\/div>\n                            <div class=\"items\">\n                                    <div class=\"item\">\n                        <div class=\"item_icon_wrap\">\n                                                            <img decoding=\"async\" alt=\"\" class=\"item_icon\" src=\"https:\/\/sts-rent.com\/budapest\/wp-content\/themes\/sts\/elementor\/widgets\/contacts_sect\/img\/icon1.svg\" width=\"45\" height=\"45\">\n                                                    <\/div>\n                        <div class=\"item_title\">\n                            \u0417\u0430\u043a\u0430\u0437 \u0438 \u0431\u0440\u043e\u043d\u0438\u0440\u043e\u0432\u0430\u043d\u0438\u0435                        <\/div>\n                        <div class=\"item_contacts\">\n                                                            <a href=\"tel:+420%20226%20289%20899\" class=\"item_contact\">\n                                    <img decoding=\"async\" alt=\"\" class=\"item_contact_icon\" src=\"https:\/\/sts-rent.com\/hungary\/wp-content\/themes\/sts\/elementor\/widgets\/contacts_sect\/img\/contact-type-icons\/tel.svg\" width=\"15\" height=\"16\">\n                                    +420 226 289 899                                <\/a>\n                                                            <a href=\"mailto:info@sts-rent.com\/budapest\" class=\"item_contact\">\n                                    <img decoding=\"async\" alt=\"\" class=\"item_contact_icon\" src=\"https:\/\/sts-rent.com\/hungary\/wp-content\/themes\/sts\/elementor\/widgets\/contacts_sect\/img\/contact-type-icons\/mailto.svg\" width=\"16\" height=\"22\">\n                                    info@sts-rent.com\/budapest                                <\/a>\n                                                    <\/div>\n                    <\/div>\n                                    <div class=\"item\">\n                        <div class=\"item_icon_wrap\">\n                                                            <img loading=\"lazy\" decoding=\"async\" alt=\"\" class=\"item_icon\" src=\"https:\/\/sts-rent.com\/budapest\/wp-content\/themes\/sts\/elementor\/widgets\/contacts_sect\/img\/icon3.svg\" width=\"50\" height=\"50\">\n                                                    <\/div>\n                        <div class=\"item_title\">\n                            \u0422\u0435\u0445\u043d\u0438\u0447\u0435\u0441\u043a\u0430\u044f \u043f\u043e\u0434\u0434\u0435\u0440\u0436\u043a\u0430                        <\/div>\n                        <div class=\"item_contacts\">\n                                                            <a href=\"tel:+420%20226%20289%20899\" class=\"item_contact\">\n                                    <img decoding=\"async\" alt=\"\" class=\"item_contact_icon\" src=\"https:\/\/sts-rent.com\/hungary\/wp-content\/themes\/sts\/elementor\/widgets\/contacts_sect\/img\/contact-type-icons\/tel.svg\" width=\"15\" height=\"16\">\n                                    +420 226 289 899                                <\/a>\n                                                            <a href=\"mailto:info@sts-rent.com\/budapest\" class=\"item_contact\">\n                                    <img decoding=\"async\" alt=\"\" class=\"item_contact_icon\" src=\"https:\/\/sts-rent.com\/hungary\/wp-content\/themes\/sts\/elementor\/widgets\/contacts_sect\/img\/contact-type-icons\/mailto.svg\" width=\"16\" height=\"22\">\n                                    info@sts-rent.com\/budapest                                <\/a>\n                                                    <\/div>\n                    <\/div>\n                                    <div class=\"item\">\n                        <div class=\"item_icon_wrap\">\n                                                            <img loading=\"lazy\" decoding=\"async\" alt=\"\" class=\"item_icon\" src=\"https:\/\/sts-rent.com\/budapest\/wp-content\/themes\/sts\/elementor\/widgets\/contacts_sect\/img\/icon2.svg\" width=\"44\" height=\"44\">\n                                                    <\/div>\n                        <div class=\"item_title\">\n                            \u0421\u043e\u0442\u0440\u0443\u0434\u043d\u0438\u0447\u0435\u0441\u0442\u0432\u043e, \u043a\u043e\u043e\u043f\u0435\u0440\u0430\u0446\u0438\u044f                        <\/div>\n                        <div class=\"item_contacts\">\n                                                            <a href=\"tel:+420%20226%20289%20899\" class=\"item_contact\">\n                                    <img decoding=\"async\" alt=\"\" class=\"item_contact_icon\" src=\"https:\/\/sts-rent.com\/hungary\/wp-content\/themes\/sts\/elementor\/widgets\/contacts_sect\/img\/contact-type-icons\/tel.svg\" width=\"15\" height=\"16\">\n                                    +420 226 289 899                                <\/a>\n                                                            <a href=\"mailto:info@sts-rent.com\/budapest\" class=\"item_contact\">\n                                    <img decoding=\"async\" alt=\"\" class=\"item_contact_icon\" src=\"https:\/\/sts-rent.com\/hungary\/wp-content\/themes\/sts\/elementor\/widgets\/contacts_sect\/img\/contact-type-icons\/mailto.svg\" width=\"16\" height=\"22\">\n                                    info@sts-rent.com\/budapest                                <\/a>\n                                                    <\/div>\n                    <\/div>\n                            <\/div>\n            <\/div>\n<\/section>\t\t\t\t<\/div>\n\t\t\t\t<\/div>\n\t\t\t\t<div class=\"elementor-element elementor-element-a75ee9e elementor-widget elementor-widget-sts_department_sect\" data-id=\"a75ee9e\" data-element_type=\"widget\" data-widget_type=\"sts_department_sect.default\">\n\t\t\t\t<div class=\"elementor-widget-container\">\n\t\t\t\t\t<section class=\"\n    sect\n    sts_department_sect\n    padding_top_off    \">\n    <div class=\"wrap\">\n        <div class=\"cols\">\n            <div class=\"col\">\n                                    <h2 class=\"title\">\n                                                    <span class=\"title_row1\">\u041f \u0420 \u0418 \u0425 \u041e \u0414 \u0418 \u0422 \u0415<\/span>\n                                                                            <span class=\"title_row2\">\u0412 \u041e\u0422\u0414\u0415\u041b \u041f\u0420\u041e\u0414\u0410\u0416<\/span>\n                                            <\/h2>\n                                                    <div class=\"description\">\n                        \u0417\u0432\u043e\u043d\u0438\u0442\u0435, \u043f\u0438\u0448\u0438\u0442\u0435 \u0438\u043b\u0438 \u043f\u0440\u0438\u0435\u0437\u0436\u0430\u0439\u0442\u0435,<br>\n \u043c\u044b \u0432\u0441\u0435\u0433\u0434\u0430 \u0440\u0430\u0434\u044b \u043d\u043e\u0432\u044b\u043c \u0437\u043d\u0430\u043a\u043e\u043c\u0441\u0442\u0432\u0430\u043c!                    <\/div>\n                                                    <div class=\"contacts\">\n                        <img loading=\"lazy\" decoding=\"async\" alt=\"\" class=\"contacts_icon\" src=\"https:\/\/sts-rent.com\/hungary\/wp-content\/themes\/sts\/elementor\/widgets\/department_sect\/img\/contacts-icon.svg\" width=\"117\" height=\"117\">\n                                                    <div class=\"contact\">\n                                                                    <div class=\"contact_name\">\u0410\u0434\u0440\u0435\u0441:<\/div>\n                                                                                                    <div class=\"contact_value\">Voct\u00e1\u0159ova 109, 180 00 Praha 8-Palmovka<\/div>\n                                                            <\/div>\n                                                    <div class=\"contact\">\n                                                                    <div class=\"contact_name\">\u0413\u0440\u0430\u0444\u0438\u043a \u0440\u0430\u0431\u043e\u0442\u044b:<\/div>\n                                                                                                    <div class=\"contact_value\">C \u043f\u043d \u0434\u043e \u0432\u0441: 08:00 \u2013 18:00<\/div>\n                                                            <\/div>\n                                            <\/div>\n                            <\/div>\n            <div class=\"col\">\n                                    <div class=\"right_title\">\u041d\u0443\u0436\u043d\u0430 \u043a\u043e\u043d\u0441\u0443\u043b\u044c\u0442\u0430\u0446\u0438\u044f?<\/div>\n                                                    <div class=\"right_description\">\u041e\u0441\u0442\u0430\u0432\u044c\u0442\u0435 \u0437\u0430\u044f\u0432\u043a\u0443 \u0438 \u043c\u044b \u0441\u0432\u044f\u0436\u0435\u043c\u0441\u044f<br>\n \u0441 \u0432\u0430\u043c\u0438 \u0434\u043b\u044f \u043a\u043e\u043d\u0441\u0443\u043b\u044c\u0442\u0430\u0446\u0438\u0438!<\/div>\n                                                    <button class=\"butt\" data-popup='{\"slug\":\"template-parts\\\/popups\\\/form_popup\",\"args\":{\"title\":\"Consultation\",\"description\":\"Fill out the application form, our managers will contact you in the next 15 minutes\",\"subject\":\"Consultation\",\"fields\":[{\"type\":\"text\",\"name\":\"Full name\",\"placeholder\":\"Enter your full name\"},{\"type\":\"tel\",\"name\":\"Phone\",\"placeholder\":\"+420 774 078 078\"},{\"type\":\"email\",\"name\":\"E-mail\",\"placeholder\":\"Enter your e-mail\"}],\"submit_label\":\"Send a request\",\"image_url\":\"https:\\\/\\\/sts-rent.com\\\/hungary\\\/wp-content\\\/themes\\\/sts\\\/img\\\/form_popup\\\/image.jpg\"}}'>\n                        <span class=\"butt_label\">\u041f\u043e\u043b\u0443\u0447\u0438\u0442\u044c \u043a\u043e\u043d\u0441\u0443\u043b\u044c\u0442\u0430\u0446\u0438\u044e<\/span>\n                    <\/button>\n                            <\/div>\n        <\/div>\n    <\/div>\n<\/section>\t\t\t\t<\/div>\n\t\t\t\t<\/div>\n\t\t\t\t\t<\/div>\n\t\t\t\t<\/div>\n\t\t\t\t<\/div>\n\t\t","protected":false},"excerpt":{"rendered":"<p>Kontaktujte n\u00e1s \u0421\u0432\u044f\u0436\u0438\u0442\u0435\u0441\u044c \u0441 \u043d\u0430\u043c\u0438 Kontaktujte n\u00e1s \u041c\u044b \u0432\u0441\u0435\u0433\u0434\u0430 \u0440\u0430\u0434\u044b \u043f\u043e\u043c\u043e\u0447\u044c \u0412\u0430\u043c \u0438 \u043e\u0442\u0432\u0435\u0442\u0438\u0442\u044c \u043d\u0430 \u0432\u0441\u0435 \u0412\u0430\u0448\u0438 \u0432\u043e\u043f\u0440\u043e\u0441\u044b. \u041c\u044b \u0432\u043d\u0438\u043c\u0430\u0442\u0435\u043b\u044c\u043d\u043e \u043e\u0442\u043d\u043e\u0441\u0438\u043c\u0441\u044f \u043a \u043a\u0430\u0436\u0434\u043e\u043c\u0443 \u043e\u0431\u0440\u0430\u0449\u0435\u043d\u0438\u044e \u0438 \u0434\u043e\u0441\u0442\u0443\u043f\u043d\u044b \u0434\u043b\u044f \u0412\u0430\u0441 \u043a\u0440\u0443\u0433\u043b\u043e\u0441\u0443\u0442\u043e\u0447\u043d\u043e. \u0417\u0430\u043a\u0430\u0437 \u0438 \u0431\u0440\u043e\u043d\u0438\u0440\u043e\u0432\u0430\u043d\u0438\u0435 +420 226 289 899 info@sts-rent.com\/budapest \u0422\u0435\u0445\u043d\u0438\u0447\u0435\u0441\u043a\u0430\u044f \u043f\u043e\u0434\u0434\u0435\u0440\u0436\u043a\u0430 +420 226 289 899 info@sts-rent.com\/budapest \u0421\u043e\u0442\u0440\u0443\u0434\u043d\u0438\u0447\u0435\u0441\u0442\u0432\u043e, \u043a\u043e\u043e\u043f\u0435\u0440\u0430\u0446\u0438\u044f +420 226 289 899 info@sts-rent.com\/budapest \u041f \u0420 \u0418 \u0425 [&hellip;]<\/p>\n","protected":false},"author":2,"featured_media":257,"parent":0,"menu_order":0,"comment_status":"closed","ping_status":"closed","template":"","meta":{"_acf_changed":false,"inline_featured_image":false,"footnotes":""},"class_list":["post-1663","page","type-page","status-publish","has-post-thumbnail","hentry"],"acf":[],"yoast_head":"<!-- This site is optimized with the Yoast SEO plugin v27.4 - https:\/\/yoast.com\/product\/yoast-seo-wordpress\/ -->\n<title>Kontakt - STS Rent Hungary<\/title>\n<meta name=\"robots\" content=\"noindex, nofollow\" \/>\n<meta property=\"og:locale\" content=\"en_US\" \/>\n<meta property=\"og:type\" content=\"article\" \/>\n<meta property=\"og:title\" content=\"STS Rent Kontakty - Kde si p\u016fj\u010dit auto v Praze?\" \/>\n<meta property=\"og:description\" content=\"Kontaktn\u00ed \u00fadaje pro STS Rent \u2713 Kontaktujte n\u00e1s telefonicky na \u010d\u00edsle +420 226 289 898 nebo e-mailem na adrese info@sts-rent.com\/budapest.\" \/>\n<meta property=\"og:url\" content=\"https:\/\/sts-rent.com\/hungary\/hu\/contact\/\" \/>\n<meta property=\"og:site_name\" content=\"STS Rent Hungary\" \/>\n<meta property=\"article:modified_time\" content=\"2025-10-15T09:35:52+00:00\" \/>\n<meta property=\"og:image\" content=\"https:\/\/sts-rent.com\/budapest\/wp-content\/uploads\/sites\/3\/2025\/02\/1583324737-1024x768.jpg\" \/>\n<meta name=\"twitter:card\" content=\"summary_large_image\" \/>\n<meta name=\"twitter:title\" content=\"STS Rent Kontakty - Kde si p\u016fj\u010dit auto v Praze?\" \/>\n<meta name=\"twitter:description\" content=\"Kontaktn\u00ed \u00fadaje pro STS Rent \u2713 Kontaktujte n\u00e1s telefonicky na \u010d\u00edsle +420 226 289 898 nebo e-mailem na adrese info@sts-rent.com\/budapest.\" \/>\n<meta name=\"twitter:image\" content=\"https:\/\/sts-rent.com\/budapest\/wp-content\/uploads\/sites\/3\/2025\/02\/1583324737-1024x768.jpg\" \/>\n<meta name=\"twitter:label1\" content=\"Est. reading time\" \/>\n\t<meta name=\"twitter:data1\" content=\"3 minutes\" \/>\n<script type=\"application\/ld+json\" class=\"yoast-schema-graph\">{\"@context\":\"https:\\\/\\\/schema.org\",\"@graph\":[{\"@type\":\"WebPage\",\"@id\":\"https:\\\/\\\/sts-rent.com\\\/hungary\\\/hu\\\/contact\\\/\",\"url\":\"https:\\\/\\\/sts-rent.com\\\/hungary\\\/hu\\\/contact\\\/\",\"name\":\"Kontakt - STS Rent Hungary\",\"isPartOf\":{\"@id\":\"https:\\\/\\\/sts-rent.com\\\/hungary\\\/#website\"},\"primaryImageOfPage\":{\"@id\":\"https:\\\/\\\/sts-rent.com\\\/hungary\\\/hu\\\/contact\\\/#primaryimage\"},\"image\":{\"@id\":\"https:\\\/\\\/sts-rent.com\\\/hungary\\\/hu\\\/contact\\\/#primaryimage\"},\"thumbnailUrl\":\"https:\\\/\\\/sts-rent.com\\\/hungary\\\/wp-content\\\/uploads\\\/sites\\\/3\\\/2024\\\/09\\\/\u0411\u0440\u043e\u043d\u0438\u0440\u043e\u0432\u0430\u043d\u0438\u0435-\u043f\u043e-\u0442\u0435\u043b\u0435\u0444\u043e\u043d\u0443.svg\",\"datePublished\":\"2025-04-02T12:39:51+00:00\",\"dateModified\":\"2025-10-15T09:35:52+00:00\",\"breadcrumb\":{\"@id\":\"https:\\\/\\\/sts-rent.com\\\/hungary\\\/hu\\\/contact\\\/#breadcrumb\"},\"inLanguage\":\"en-US\",\"potentialAction\":[{\"@type\":\"ReadAction\",\"target\":[\"https:\\\/\\\/sts-rent.com\\\/hungary\\\/hu\\\/contact\\\/\"]}]},{\"@type\":\"ImageObject\",\"inLanguage\":\"en-US\",\"@id\":\"https:\\\/\\\/sts-rent.com\\\/hungary\\\/hu\\\/contact\\\/#primaryimage\",\"url\":\"https:\\\/\\\/sts-rent.com\\\/hungary\\\/wp-content\\\/uploads\\\/sites\\\/3\\\/2024\\\/09\\\/\u0411\u0440\u043e\u043d\u0438\u0440\u043e\u0432\u0430\u043d\u0438\u0435-\u043f\u043e-\u0442\u0435\u043b\u0435\u0444\u043e\u043d\u0443.svg\",\"contentUrl\":\"https:\\\/\\\/sts-rent.com\\\/hungary\\\/wp-content\\\/uploads\\\/sites\\\/3\\\/2024\\\/09\\\/\u0411\u0440\u043e\u043d\u0438\u0440\u043e\u0432\u0430\u043d\u0438\u0435-\u043f\u043e-\u0442\u0435\u043b\u0435\u0444\u043e\u043d\u0443.svg\",\"width\":45,\"height\":45},{\"@type\":\"BreadcrumbList\",\"@id\":\"https:\\\/\\\/sts-rent.com\\\/hungary\\\/hu\\\/contact\\\/#breadcrumb\",\"itemListElement\":[{\"@type\":\"ListItem\",\"position\":1,\"name\":\"Home\",\"item\":\"https:\\\/\\\/sts-rent.com\\\/hungary\\\/ru\\\/\"},{\"@type\":\"ListItem\",\"position\":2,\"name\":\"Kontakt\"}]},{\"@type\":\"WebSite\",\"@id\":\"https:\\\/\\\/sts-rent.com\\\/hungary\\\/#website\",\"url\":\"https:\\\/\\\/sts-rent.com\\\/hungary\\\/\",\"name\":\"STS Rent Hungary\",\"description\":\"\",\"publisher\":{\"@id\":\"https:\\\/\\\/sts-rent.com\\\/hungary\\\/#organization\"},\"potentialAction\":[{\"@type\":\"SearchAction\",\"target\":{\"@type\":\"EntryPoint\",\"urlTemplate\":\"https:\\\/\\\/sts-rent.com\\\/hungary\\\/?s={search_term_string}\"},\"query-input\":{\"@type\":\"PropertyValueSpecification\",\"valueRequired\":true,\"valueName\":\"search_term_string\"}}],\"inLanguage\":\"en-US\"},{\"@type\":\"Organization\",\"@id\":\"https:\\\/\\\/sts-rent.com\\\/hungary\\\/#organization\",\"name\":\"STS Rent Hungary\",\"url\":\"https:\\\/\\\/sts-rent.com\\\/hungary\\\/\",\"logo\":{\"@type\":\"ImageObject\",\"inLanguage\":\"en-US\",\"@id\":\"https:\\\/\\\/sts-rent.com\\\/hungary\\\/#\\\/schema\\\/logo\\\/image\\\/\",\"url\":\"https:\\\/\\\/sts-rent.com\\\/hungary\\\/wp-content\\\/uploads\\\/sites\\\/3\\\/2024\\\/08\\\/STS-logo.svg\",\"contentUrl\":\"https:\\\/\\\/sts-rent.com\\\/hungary\\\/wp-content\\\/uploads\\\/sites\\\/3\\\/2024\\\/08\\\/STS-logo.svg\",\"width\":197,\"height\":63,\"caption\":\"STS Rent Hungary\"},\"image\":{\"@id\":\"https:\\\/\\\/sts-rent.com\\\/hungary\\\/#\\\/schema\\\/logo\\\/image\\\/\"},\"aggregateRating\":{\"@type\":\"AggregateRating\",\"ratingValue\":\"4.9\",\"reviewCount\":\"2487\",\"bestRating\":\"5\",\"worstRating\":\"1\"}}]}<\/script>\n<!-- \/ Yoast SEO plugin. -->","yoast_head_json":{"title":"Kontakt - STS Rent Hungary","robots":{"index":"noindex","follow":"nofollow"},"og_locale":"en_US","og_type":"article","og_title":"STS Rent Kontakty - Kde si p\u016fj\u010dit auto v Praze?","og_description":"Kontaktn\u00ed \u00fadaje pro STS Rent \u2713 Kontaktujte n\u00e1s telefonicky na \u010d\u00edsle +420 226 289 898 nebo e-mailem na adrese info@sts-rent.com\/budapest.","og_url":"https:\/\/sts-rent.com\/hungary\/hu\/contact\/","og_site_name":"STS Rent Hungary","article_modified_time":"2025-10-15T09:35:52+00:00","og_image":[{"url":"https:\/\/sts-rent.com\/budapest\/wp-content\/uploads\/sites\/3\/2025\/02\/1583324737-1024x768.jpg","type":"","width":"","height":""}],"twitter_card":"summary_large_image","twitter_title":"STS Rent Kontakty - Kde si p\u016fj\u010dit auto v Praze?","twitter_description":"Kontaktn\u00ed \u00fadaje pro STS Rent \u2713 Kontaktujte n\u00e1s telefonicky na \u010d\u00edsle +420 226 289 898 nebo e-mailem na adrese info@sts-rent.com\/budapest.","twitter_image":"https:\/\/sts-rent.com\/budapest\/wp-content\/uploads\/sites\/3\/2025\/02\/1583324737-1024x768.jpg","twitter_misc":{"Est. reading time":"3 minutes"},"schema":{"@context":"https:\/\/schema.org","@graph":[{"@type":"WebPage","@id":"https:\/\/sts-rent.com\/hungary\/hu\/contact\/","url":"https:\/\/sts-rent.com\/hungary\/hu\/contact\/","name":"Kontakt - STS Rent Hungary","isPartOf":{"@id":"https:\/\/sts-rent.com\/hungary\/#website"},"primaryImageOfPage":{"@id":"https:\/\/sts-rent.com\/hungary\/hu\/contact\/#primaryimage"},"image":{"@id":"https:\/\/sts-rent.com\/hungary\/hu\/contact\/#primaryimage"},"thumbnailUrl":"https:\/\/sts-rent.com\/hungary\/wp-content\/uploads\/sites\/3\/2024\/09\/\u0411\u0440\u043e\u043d\u0438\u0440\u043e\u0432\u0430\u043d\u0438\u0435-\u043f\u043e-\u0442\u0435\u043b\u0435\u0444\u043e\u043d\u0443.svg","datePublished":"2025-04-02T12:39:51+00:00","dateModified":"2025-10-15T09:35:52+00:00","breadcrumb":{"@id":"https:\/\/sts-rent.com\/hungary\/hu\/contact\/#breadcrumb"},"inLanguage":"en-US","potentialAction":[{"@type":"ReadAction","target":["https:\/\/sts-rent.com\/hungary\/hu\/contact\/"]}]},{"@type":"ImageObject","inLanguage":"en-US","@id":"https:\/\/sts-rent.com\/hungary\/hu\/contact\/#primaryimage","url":"https:\/\/sts-rent.com\/hungary\/wp-content\/uploads\/sites\/3\/2024\/09\/\u0411\u0440\u043e\u043d\u0438\u0440\u043e\u0432\u0430\u043d\u0438\u0435-\u043f\u043e-\u0442\u0435\u043b\u0435\u0444\u043e\u043d\u0443.svg","contentUrl":"https:\/\/sts-rent.com\/hungary\/wp-content\/uploads\/sites\/3\/2024\/09\/\u0411\u0440\u043e\u043d\u0438\u0440\u043e\u0432\u0430\u043d\u0438\u0435-\u043f\u043e-\u0442\u0435\u043b\u0435\u0444\u043e\u043d\u0443.svg","width":45,"height":45},{"@type":"BreadcrumbList","@id":"https:\/\/sts-rent.com\/hungary\/hu\/contact\/#breadcrumb","itemListElement":[{"@type":"ListItem","position":1,"name":"Home","item":"https:\/\/sts-rent.com\/hungary\/ru\/"},{"@type":"ListItem","position":2,"name":"Kontakt"}]},{"@type":"WebSite","@id":"https:\/\/sts-rent.com\/hungary\/#website","url":"https:\/\/sts-rent.com\/hungary\/","name":"STS Rent Hungary","description":"","publisher":{"@id":"https:\/\/sts-rent.com\/hungary\/#organization"},"potentialAction":[{"@type":"SearchAction","target":{"@type":"EntryPoint","urlTemplate":"https:\/\/sts-rent.com\/hungary\/?s={search_term_string}"},"query-input":{"@type":"PropertyValueSpecification","valueRequired":true,"valueName":"search_term_string"}}],"inLanguage":"en-US"},{"@type":"Organization","@id":"https:\/\/sts-rent.com\/hungary\/#organization","name":"STS Rent Hungary","url":"https:\/\/sts-rent.com\/hungary\/","logo":{"@type":"ImageObject","inLanguage":"en-US","@id":"https:\/\/sts-rent.com\/hungary\/#\/schema\/logo\/image\/","url":"https:\/\/sts-rent.com\/hungary\/wp-content\/uploads\/sites\/3\/2024\/08\/STS-logo.svg","contentUrl":"https:\/\/sts-rent.com\/hungary\/wp-content\/uploads\/sites\/3\/2024\/08\/STS-logo.svg","width":197,"height":63,"caption":"STS Rent Hungary"},"image":{"@id":"https:\/\/sts-rent.com\/hungary\/#\/schema\/logo\/image\/"},"aggregateRating":{"@type":"AggregateRating","ratingValue":"4.9","reviewCount":"2487","bestRating":"5","worstRating":"1"}}]}},"_links":{"self":[{"href":"https:\/\/sts-rent.com\/hungary\/wp-json\/wp\/v2\/pages\/1663","targetHints":{"allow":["GET"]}}],"collection":[{"href":"https:\/\/sts-rent.com\/hungary\/wp-json\/wp\/v2\/pages"}],"about":[{"href":"https:\/\/sts-rent.com\/hungary\/wp-json\/wp\/v2\/types\/page"}],"author":[{"embeddable":true,"href":"https:\/\/sts-rent.com\/hungary\/wp-json\/wp\/v2\/users\/2"}],"replies":[{"embeddable":true,"href":"https:\/\/sts-rent.com\/hungary\/wp-json\/wp\/v2\/comments?post=1663"}],"version-history":[{"count":10,"href":"https:\/\/sts-rent.com\/hungary\/wp-json\/wp\/v2\/pages\/1663\/revisions"}],"predecessor-version":[{"id":1918,"href":"https:\/\/sts-rent.com\/hungary\/wp-json\/wp\/v2\/pages\/1663\/revisions\/1918"}],"wp:featuredmedia":[{"embeddable":true,"href":"https:\/\/sts-rent.com\/hungary\/wp-json\/wp\/v2\/media\/257"}],"wp:attachment":[{"href":"https:\/\/sts-rent.com\/hungary\/wp-json\/wp\/v2\/media?parent=1663"}],"curies":[{"name":"wp","href":"https:\/\/api.w.org\/{rel}","templated":true}]}}